{"id":6058,"date":"2026-02-02T17:33:51","date_gmt":"2026-02-02T20:33:51","guid":{"rendered":"https:\/\/www.hereford.org.ar\/web\/?page_id=6058"},"modified":"2026-04-13T16:30:59","modified_gmt":"2026-04-13T19:30:59","slug":"expo-palermo","status":"publish","type":"page","link":"https:\/\/www.hereford.org.ar\/web\/expo-palermo\/","title":{"rendered":"Expo Palermo 2026"},"content":{"rendered":"<p>[et_pb_section fb_built=\u00bb1&#8243; _builder_version=\u00bb4.27.4&#8243; _module_preset=\u00bbdefault\u00bb background_color=\u00bb#005529&#8243; width=\u00bb100%\u00bb max_width=\u00bb1250%\u00bb custom_padding=\u00bb12px||6px|||\u00bb global_colors_info=\u00bb{}\u00bb][et_pb_row _builder_version=\u00bb4.27.4&#8243; _module_preset=\u00bbdefault\u00bb global_colors_info=\u00bb{}\u00bb][et_pb_column type=\u00bb4_4&#8243; _builder_version=\u00bb4.27.4&#8243; _module_preset=\u00bbdefault\u00bb global_colors_info=\u00bb{}\u00bb][et_pb_text _builder_version=\u00bb4.27.4&#8243; _module_preset=\u00bb9629b6b6-3503-4486-933e-11b0afb08196&#8243; header_text_color=\u00bb#FFFFFF\u00bb header_font_size=\u00bb52px\u00bb global_colors_info=\u00bb{}\u00bb]<\/p>\n<h1 style=\"text-align: center;\">Exposici\u00f3n Palermo<\/h1>\n<p>[\/et_pb_text][\/et_pb_column][\/et_pb_row][\/et_pb_section][et_pb_section fb_built=\u00bb1&#8243; _builder_version=\u00bb4.27.5&#8243; _module_preset=\u00bbdefault\u00bb custom_padding=\u00bb0px||0px|||\u00bb global_colors_info=\u00bb{}\u00bb][et_pb_row _builder_version=\u00bb4.27.5&#8243; _module_preset=\u00bbdefault\u00bb global_colors_info=\u00bb{}\u00bb][et_pb_column type=\u00bb4_4&#8243; _builder_version=\u00bb4.27.5&#8243; _module_preset=\u00bbdefault\u00bb global_colors_info=\u00bb{}\u00bb][et_pb_image src=\u00bbhttps:\/\/www.hereford.org.ar\/web\/wp-content\/uploads\/2026\/02\/Foto-web-seccion-expo-3.png\u00bb title_text=\u00bbFoto web seccion expo (3)\u00bb align=\u00bbcenter\u00bb _builder_version=\u00bb4.27.5&#8243; _module_preset=\u00bbdefault\u00bb global_colors_info=\u00bb{}\u00bb][\/et_pb_image][\/et_pb_column][\/et_pb_row][\/et_pb_section][et_pb_section fb_built=\u00bb1&#8243; _builder_version=\u00bb4.27.4&#8243; _module_preset=\u00bbdefault\u00bb custom_padding=\u00bb0px||0px|||\u00bb global_colors_info=\u00bb{}\u00bb][et_pb_row column_structure=\u00bb3_5,2_5&#8243; _builder_version=\u00bb4.27.4&#8243; _module_preset=\u00bbdefault\u00bb custom_margin=\u00bb-50px|auto||auto||\u00bb global_colors_info=\u00bb{}\u00bb][et_pb_column type=\u00bb3_5&#8243; _builder_version=\u00bb4.27.4&#8243; _module_preset=\u00bbdefault\u00bb global_colors_info=\u00bb{}\u00bb][et_pb_image src=\u00bbhttps:\/\/www.hereford.org.ar\/web\/wp-content\/uploads\/2026\/02\/logo-2026.jpg\u00bb title_text=\u00bblogo-2026&#8243; align=\u00bbcenter\u00bb _builder_version=\u00bb4.27.5&#8243; _module_preset=\u00bbdefault\u00bb width=\u00bb69%\u00bb max_width=\u00bb70%\u00bb module_alignment=\u00bbcenter\u00bb border_radii=\u00bbon|30px|30px|30px|30px\u00bb global_colors_info=\u00bb{}\u00bb][\/et_pb_image][\/et_pb_column][et_pb_column type=\u00bb2_5&#8243; _builder_version=\u00bb4.27.4&#8243; _module_preset=\u00bbdefault\u00bb global_colors_info=\u00bb{}\u00bb][et_pb_image src=\u00bbhttps:\/\/www.hereford.org.ar\/web\/wp-content\/uploads\/2025\/05\/Diseno-sin-titulo-9.png\u00bb title_text=\u00bbDise\u00f1o sin t\u00edtulo (9)\u00bb _builder_version=\u00bb4.27.4&#8243; _module_preset=\u00bbdefault\u00bb width=\u00bb79%\u00bb max_width=\u00bb78%\u00bb module_alignment=\u00bbcenter\u00bb border_radii=\u00bbon|10px|10px|10px|10px\u00bb global_colors_info=\u00bb{}\u00bb][\/et_pb_image][\/et_pb_column][\/et_pb_row][et_pb_row _builder_version=\u00bb4.27.4&#8243; _module_preset=\u00bbdefault\u00bb global_colors_info=\u00bb{}\u00bb][et_pb_column type=\u00bb4_4&#8243; _builder_version=\u00bb4.27.4&#8243; _module_preset=\u00bbdefault\u00bb global_colors_info=\u00bb{}\u00bb][et_pb_text content_tablet=\u00bb<\/p>\n<p data-start=%22328%22 data-end=%22565%22 class=%22%22>Somos la <strong data-start=%22337%22 data-end=%22383%22>Asociaci\u00f3n Argentina Criadores de Hereford<\/strong>, una entidad civil sin fines de lucro que desde hace m\u00e1s de un siglo trabaja para <strong>promover, preservar y mejorar gen\u00e9ticamente la raza bovina Hereford en todo el territorio nacional.<\/strong><\/p>\n<p data-start=%22567%22 data-end=%22892%22 class=%22%22>Nucleamos a criadores, caba\u00f1as, productores y t\u00e9cnicos que comparten el compromiso con la calidad gen\u00e9tica, el bienestar animal y la eficiencia productiva. A trav\u00e9s de programas de evaluaci\u00f3n, certificaci\u00f3n, exposiciones y asesoramiento t\u00e9cnico, acompa\u00f1amos el crecimiento de una ganader\u00eda sustentable, moderna y competitiva.<\/p>\n<p data-start=%22115%22 data-end=%22391%22 class=%22%22>Hace m\u00e1s de 150 a\u00f1os llegaron al pa\u00eds los primeros reproductores Hereford, iniciando un proceso de adaptaci\u00f3n y mejoramiento que consolid\u00f3 a la raza como una de las m\u00e1s importantes de la ganader\u00eda argentina. Su calidad contribuy\u00f3 al prestigio internacional de nuestras carnes.<\/p>\n<p data-start=%22393%22 data-end=%22558%22 class=%22%22>El <strong>3 de noviembre de 1924<\/strong> se fund\u00f3 la <strong>Asociaci\u00f3n Argentina Criadores de Hereford,<\/strong> con el objetivo de promover la raza, impulsar su crianza y difundir sus cualidades.<\/p>\n<p>\u00bb content_phone=\u00bb<\/p>\n<h3 style=%22text-align: center;%22><strong>Del 16 al 26 de julio de 2026<\/strong><\/h3>\n<p style=%22text-align: center;%22>\u00bb content_last_edited=\u00bbon|phone\u00bb _builder_version=\u00bb4.27.5&#8243; _module_preset=\u00bbc8d8a368-87a5-4916-a257-8a9a2914edb7&#8243; text_font=\u00bb||||||||\u00bb text_font_size=\u00bb18px\u00bb width=\u00bb100%\u00bb custom_padding=\u00bb|15px||16px||\u00bb global_colors_info=\u00bb{}\u00bb]<\/p>\n<h3 style=\"text-align: center;\"><strong>Del 16 al 26 de julio de 2026<\/strong><\/h3>\n<p style=\"text-align: center;\">\n[\/et_pb_text][\/et_pb_column][\/et_pb_row][et_pb_row column_structure=\u00bb1_4,1_4,1_4,1_4&#8243; disabled_on=\u00bbon|on|on\u00bb _builder_version=\u00bb4.27.5&#8243; _module_preset=\u00bbdefault\u00bb disabled=\u00bbon\u00bb global_colors_info=\u00bb{}\u00bb][et_pb_column type=\u00bb1_4&#8243; _builder_version=\u00bb4.27.4&#8243; _module_preset=\u00bbdefault\u00bb global_colors_info=\u00bb{}\u00bb][et_pb_button button_url=\u00bbhttps:\/\/www.hereford.org.ar\/web\/wp-content\/uploads\/2025\/07\/Veredicto-de-Jura-Expo.-Palermo-2025-Completa.pdf\u00bb button_text=\u00bbVeredicto &#8211; Jura Hembras\u00bb button_alignment=\u00bbcenter\u00bb _builder_version=\u00bb4.27.4&#8243; _module_preset=\u00bbdefault\u00bb custom_button=\u00bbon\u00bb button_text_size=\u00bb20px\u00bb button_text_color=\u00bb#FFFFFF\u00bb button_bg_color=\u00bb#0C71C3&#8243; button_icon=\u00bb&#x62;||divi||400&#8243; button_icon_color=\u00bb#FFFFFF\u00bb global_colors_info=\u00bb{}\u00bb][\/et_pb_button][\/et_pb_column][et_pb_column type=\u00bb1_4&#8243; _builder_version=\u00bb4.27.4&#8243; _module_preset=\u00bbdefault\u00bb global_colors_info=\u00bb{}\u00bb][et_pb_button button_url=\u00bbhttps:\/\/www.hereford.org.ar\/web\/wp-content\/uploads\/2025\/07\/Veredicto-de-Jura-Expo.-Palermo-2025-Completa.pdf\u00bb button_text=\u00bbVeredicto &#8211; Jura Machos\u00bb button_alignment=\u00bbcenter\u00bb _builder_version=\u00bb4.27.4&#8243; _module_preset=\u00bbdefault\u00bb custom_button=\u00bbon\u00bb button_text_size=\u00bb20px\u00bb button_text_color=\u00bb#FFFFFF\u00bb button_bg_color=\u00bb#0C71C3&#8243; button_icon=\u00bb&#x62;||divi||400&#8243; button_icon_color=\u00bb#FFFFFF\u00bb global_colors_info=\u00bb{}\u00bb][\/et_pb_button][\/et_pb_column][et_pb_column type=\u00bb1_4&#8243; _builder_version=\u00bb4.27.4&#8243; _module_preset=\u00bbdefault\u00bb global_colors_info=\u00bb{}\u00bb][et_pb_button button_url=\u00bbhttps:\/\/www.hereford.org.ar\/web\/wp-content\/uploads\/2025\/07\/Cronograma-Hereford-Expo-Palermo-2025.pdf\u00bb button_text=\u00bbAcceder al cronograma\u00bb button_alignment=\u00bbcenter\u00bb _builder_version=\u00bb4.27.4&#8243; _module_preset=\u00bbdefault\u00bb custom_button=\u00bbon\u00bb button_text_size=\u00bb20px\u00bb button_text_color=\u00bb#FFFFFF\u00bb button_bg_color=\u00bb#005529&#8243; button_icon=\u00bb&#x3b;||divi||400&#8243; global_colors_info=\u00bb{}\u00bb][\/et_pb_button][\/et_pb_column][et_pb_column type=\u00bb1_4&#8243; _builder_version=\u00bb4.27.4&#8243; _module_preset=\u00bbdefault\u00bb global_colors_info=\u00bb{}\u00bb][et_pb_button button_url=\u00bbhttps:\/\/www.hereford.org.ar\/web\/wp-content\/uploads\/2025\/07\/Orden-de-jura-exposicion-de-Palermo-2025.pdf\u00bb button_text=\u00bbOrden de Jura 2025&#8243; button_alignment=\u00bbcenter\u00bb _builder_version=\u00bb4.27.4&#8243; _module_preset=\u00bbdefault\u00bb custom_button=\u00bbon\u00bb button_text_size=\u00bb20px\u00bb button_text_color=\u00bb#FFFFFF\u00bb button_bg_color=\u00bb#7c402e\u00bb button_icon=\u00bb&#x62;||divi||400&#8243; button_icon_color=\u00bb#FFFFFF\u00bb global_colors_info=\u00bb{}\u00bb][\/et_pb_button][\/et_pb_column][\/et_pb_row][et_pb_row disabled_on=\u00bbon|off|off\u00bb _builder_version=\u00bb4.27.4&#8243; _module_preset=\u00bbdefault\u00bb custom_padding=\u00bb||0px|||\u00bb global_colors_info=\u00bb{}\u00bb][et_pb_column type=\u00bb4_4&#8243; _builder_version=\u00bb4.27.4&#8243; _module_preset=\u00bbdefault\u00bb global_colors_info=\u00bb{}\u00bb][et_pb_button button_url=\u00bbhttps:\/\/www.hereford.org.ar\/web\/wp-content\/uploads\/2025\/08\/Ventas-Expo-Palermo.pdf\u00bb button_text=\u00bbResultados ventas\u00bb button_alignment=\u00bbcenter\u00bb disabled_on=\u00bbon|on|on\u00bb _builder_version=\u00bb4.27.5&#8243; _module_preset=\u00bbdefault\u00bb custom_button=\u00bbon\u00bb button_text_size=\u00bb20px\u00bb button_text_color=\u00bb#FFFFFF\u00bb button_bg_color=\u00bb#7c402e\u00bb button_icon=\u00bb&#x62;||divi||400&#8243; button_icon_color=\u00bb#FFFFFF\u00bb disabled=\u00bbon\u00bb global_colors_info=\u00bb{}\u00bb][\/et_pb_button][\/et_pb_column][\/et_pb_row][et_pb_row _builder_version=\u00bb4.27.4&#8243; _module_preset=\u00bbdefault\u00bb global_colors_info=\u00bb{}\u00bb][et_pb_column type=\u00bb4_4&#8243; _builder_version=\u00bb4.27.4&#8243; _module_preset=\u00bbdefault\u00bb global_colors_info=\u00bb{}\u00bb][\/et_pb_column][\/et_pb_row][et_pb_row column_structure=\u00bb2_5,3_5&#8243; disabled_on=\u00bbon|on|on\u00bb _builder_version=\u00bb4.27.5&#8243; _module_preset=\u00bbdefault\u00bb width=\u00bb100%\u00bb max_width=\u00bb1280px\u00bb custom_padding=\u00bb0px|||||\u00bb disabled=\u00bbon\u00bb global_colors_info=\u00bb{}\u00bb][et_pb_column type=\u00bb2_5&#8243; _builder_version=\u00bb4.19.1&#8243; _module_preset=\u00bbdefault\u00bb global_colors_info=\u00bb{}\u00bb][et_pb_text _builder_version=\u00bb4.27.4&#8243; _module_preset=\u00bbdefault\u00bb custom_padding=\u00bb|7px||10px||\u00bb global_colors_info=\u00bb{}\u00bb]<\/p>\n<p style=\"text-align: center;\"><span style=\"color: #008000;\"><strong>Veredicto Jura de Machos<\/strong><\/span><\/p>\n<div style=\"text-align: center;\">\ud83c\udfc6<strong> Gran Campe\u00f3n Macho:<\/strong><\/div>\n<div style=\"text-align: center;\">Caba\u00f1a Don Benjam\u00edn &#8211; Don Benjam\u00edn S.A\u00a0<\/div>\n<div style=\"text-align: center;\">BOX: 828 (RP: X7103)\u00a0<\/div>\n<div style=\"text-align: center;\"><span> <\/span><\/div>\n<div style=\"text-align: center;\">\ud83c\udfc6 <strong>Rdo. Gran Campe\u00f3n Macho:<\/strong><\/div>\n<div style=\"text-align: center;\">Caba\u00f1a La Persistencia &#8211; Terra Garba S.A.C.A.I.F.,<\/div>\n<div style=\"text-align: center;\">BOX: 859 (RP: X3474)\u00a0<\/div>\n<div style=\"text-align: center;\"><\/div>\n<div style=\"text-align: center;\"><strong>\ud83c\udfc6 Tercer Mejor Macho:<\/strong><\/div>\n<div style=\"text-align: center;\">Caba\u00f1a San Mar\u00f3n &#8211; Caba\u00f1a San Mar\u00f3n SRL\u00a0<\/div>\n<div style=\"text-align: center;\">BOX: 852 (RP: X359)\u00a0<\/div>\n<p>[\/et_pb_text][\/et_pb_column][et_pb_column type=\u00bb3_5&#8243; _builder_version=\u00bb4.19.1&#8243; _module_preset=\u00bbdefault\u00bb global_colors_info=\u00bb{}\u00bb][et_pb_gallery gallery_ids=\u00bb4405,4404,4403,4402,4401,4400&#8243; posts_number=\u00bb2&#8243; show_title_and_caption=\u00bboff\u00bb _builder_version=\u00bb4.27.4&#8243; _module_preset=\u00bbdefault\u00bb global_colors_info=\u00bb{}\u00bb][\/et_pb_gallery][\/et_pb_column][\/et_pb_row][\/et_pb_section][et_pb_section fb_built=\u00bb1&#8243; admin_label=\u00bbAbout\u00bb _builder_version=\u00bb4.27.4&#8243; _module_preset=\u00bbdefault\u00bb custom_padding=\u00bb4px||0px|||\u00bb collapsed=\u00bbon\u00bb global_colors_info=\u00bb{}\u00bb][et_pb_row column_structure=\u00bb1_2,1_2&#8243; _builder_version=\u00bb4.27.4&#8243; _module_preset=\u00bbdefault\u00bb global_colors_info=\u00bb{}\u00bb][et_pb_column type=\u00bb1_2&#8243; _builder_version=\u00bb4.27.4&#8243; _module_preset=\u00bbdefault\u00bb global_colors_info=\u00bb{}\u00bb][et_pb_image src=\u00bbhttps:\/\/www.hereford.org.ar\/web\/wp-content\/uploads\/2026\/02\/Diseno-perfil-foto-web-3.png\u00bb title_text=\u00bbDise\u00f1o perfil foto web (3)\u00bb align=\u00bbcenter\u00bb _builder_version=\u00bb4.27.5&#8243; _module_preset=\u00bbdefault\u00bb global_colors_info=\u00bb{}\u00bb][\/et_pb_image][et_pb_text _builder_version=\u00bb4.27.5&#8243; _module_preset=\u00bbdefault\u00bb text_font_size=\u00bb20px\u00bb global_colors_info=\u00bb{}\u00bb]<\/p>\n<p style=\"text-align: center;\"><span style=\"color: #008000;\"><strong>Jurado<\/strong><\/span><br \/>Sr. Carlos Curone<\/p>\n<p>[\/et_pb_text][\/et_pb_column][et_pb_column type=\u00bb1_2&#8243; _builder_version=\u00bb4.27.4&#8243; _module_preset=\u00bbdefault\u00bb global_colors_info=\u00bb{}\u00bb][et_pb_image src=\u00bbhttps:\/\/www.hereford.org.ar\/web\/wp-content\/uploads\/2025\/05\/Diseno-sin-titulo-2.png\u00bb title_text=\u00bbDise\u00f1o sin t\u00edtulo (2)\u00bb align=\u00bbcenter\u00bb _builder_version=\u00bb4.27.4&#8243; _module_preset=\u00bbdefault\u00bb global_colors_info=\u00bb{}\u00bb][\/et_pb_image][et_pb_text _builder_version=\u00bb4.27.4&#8243; _module_preset=\u00bbdefault\u00bb text_font_size=\u00bb20px\u00bb global_colors_info=\u00bb{}\u00bb]<\/p>\n<p style=\"text-align: center;\"><span style=\"color: #008000;\"><strong>Firma Martillera<\/strong><\/span><br \/>Saenz Valiente, Bullrich y Cia. S.A.<\/p>\n<p>[\/et_pb_text][\/et_pb_column][\/et_pb_row][et_pb_row column_structure=\u00bb1_4,1_4,1_4,1_4&#8243; _builder_version=\u00bb4.27.4&#8243; _module_preset=\u00bbdefault\u00bb custom_margin=\u00bb18px|auto||auto||\u00bb global_colors_info=\u00bb{}\u00bb][et_pb_column type=\u00bb1_4&#8243; _builder_version=\u00bb4.27.4&#8243; _module_preset=\u00bbdefault\u00bb global_colors_info=\u00bb{}\u00bb][et_pb_blurb title=\u00bbORDEN DE JURA\u00bb url=\u00bbhttps:\/\/www.hereford.org.ar\/web\/wp-content\/uploads\/2025\/07\/Orden-de-jura-exposicion-de-Palermo-2025.pdf\u00bb image=\u00bbhttps:\/\/www.hereford.org.ar\/web\/wp-content\/uploads\/2025\/05\/Diseno-sin-titulo-5.png\u00bb _builder_version=\u00bb4.27.5&#8243; _module_preset=\u00bbdefault\u00bb header_font=\u00bb|700|||||||\u00bb header_text_color=\u00bb#7c402e\u00bb text_orientation=\u00bbcenter\u00bb global_colors_info=\u00bb{}\u00bb]<\/p>\n<p style=\"text-align: center;\">Disponible pr\u00f3ximamente<\/p>\n<p style=\"text-align: center;\"><a href=\"https:\/\/www.hereford.org.ar\/web\/wp-content\/uploads\/2025\/07\/Orden-de-jura-exposicion-de-Palermo-2025.pdf\"><strong>Descargar<\/strong><\/a><\/p>\n<p>[\/et_pb_blurb][\/et_pb_column][et_pb_column type=\u00bb1_4&#8243; _builder_version=\u00bb4.27.4&#8243; _module_preset=\u00bbdefault\u00bb global_colors_info=\u00bb{}\u00bb][et_pb_blurb title=\u00bbORDEN DE VENTA\u00bb image=\u00bbhttps:\/\/www.hereford.org.ar\/web\/wp-content\/uploads\/2025\/05\/Diseno-sin-titulo-6.png\u00bb _builder_version=\u00bb4.27.4&#8243; _module_preset=\u00bbdefault\u00bb header_font=\u00bb|700|||||||\u00bb header_text_color=\u00bb#7c402e\u00bb text_orientation=\u00bbcenter\u00bb global_colors_info=\u00bb{}\u00bb]<\/p>\n<p style=\"text-align: center;\">Disponible pr\u00f3ximamente<\/p>\n<p style=\"text-align: center;\"><a href=\"#\"><strong>Descargar<\/strong><\/a><\/p>\n<p>[\/et_pb_blurb][\/et_pb_column][et_pb_column type=\u00bb1_4&#8243; _builder_version=\u00bb4.27.4&#8243; _module_preset=\u00bbdefault\u00bb global_colors_info=\u00bb{}\u00bb][et_pb_blurb title=\u00bbINSCRIPCI\u00d3N\u00bb image=\u00bbhttps:\/\/www.hereford.org.ar\/web\/wp-content\/uploads\/2025\/05\/Diseno-sin-titulo-4.png\u00bb _builder_version=\u00bb4.27.4&#8243; _module_preset=\u00bbdefault\u00bb header_font=\u00bb|700|||||||\u00bb header_text_color=\u00bb#7c402e\u00bb text_orientation=\u00bbcenter\u00bb global_colors_info=\u00bb{}\u00bb]<\/p>\n<p style=\"text-align: center;\">Para mayor informaci\u00f3n: inscripcionpalermo@sra.org.ar<\/p>\n<p>[\/et_pb_blurb][\/et_pb_column][et_pb_column type=\u00bb1_4&#8243; _builder_version=\u00bb4.27.4&#8243; _module_preset=\u00bbdefault\u00bb global_colors_info=\u00bb{}\u00bb][et_pb_blurb title=\u00bbREGLAMENTO 2026&#8243; image=\u00bbhttps:\/\/www.hereford.org.ar\/web\/wp-content\/uploads\/2025\/05\/Diseno-sin-titulo-3.png\u00bb _builder_version=\u00bb4.27.5&#8243; _module_preset=\u00bbdefault\u00bb header_font=\u00bb|700|||||||\u00bb header_text_color=\u00bb#7c402e\u00bb text_orientation=\u00bbcenter\u00bb hover_enabled=\u00bb0&#8243; global_colors_info=\u00bb{}\u00bb sticky_enabled=\u00bb0&#8243;]<\/p>\n<p style=\"text-align: center;\">Reglamento general de Exposiciones propias.<br \/><a href=\"https:\/\/www.sra.ar\/paper\/306-reglamentos-expo-rural\"><strong>Descargar<\/strong><\/a><\/p>\n<p>[\/et_pb_blurb][\/et_pb_column][\/et_pb_row][et_pb_row column_structure=\u00bb1_4,1_4,1_4,1_4&#8243; disabled_on=\u00bbon|on|on\u00bb _builder_version=\u00bb4.27.5&#8243; _module_preset=\u00bbdefault\u00bb disabled=\u00bbon\u00bb global_colors_info=\u00bb{}\u00bb][et_pb_column type=\u00bb1_4&#8243; _builder_version=\u00bb4.27.4&#8243; _module_preset=\u00bbdefault\u00bb global_colors_info=\u00bb{}\u00bb][et_pb_blurb title=\u00bb7\u00b0 Concurso de Novillos y Block Test\u00bb image=\u00bbhttps:\/\/www.hereford.org.ar\/web\/wp-content\/uploads\/2025\/05\/Diseno-sin-titulo-7.png\u00bb _builder_version=\u00bb4.27.4&#8243; _module_preset=\u00bbdefault\u00bb header_font=\u00bb|700|||||||\u00bb header_text_color=\u00bb#005529&#8243; text_orientation=\u00bbcenter\u00bb global_colors_info=\u00bb{}\u00bb]<\/p>\n<p style=\"text-align: center;\">Reglamento y Planilla de Inscripci\u00f3n.<br \/><a href=\"https:\/\/drive.google.com\/drive\/folders\/1Pg3iDo_0lwqvWBI6PxqpZbYV-_ugAK8x?usp=sharing\"><strong>Descargar<\/strong><\/a><\/p>\n<p>[\/et_pb_blurb][\/et_pb_column][et_pb_column type=\u00bb1_4&#8243; _builder_version=\u00bb4.27.4&#8243; _module_preset=\u00bbdefault\u00bb global_colors_info=\u00bb{}\u00bb][et_pb_blurb title=\u00bb7\u00b0 Remate de Vientres Seleccionados PR\u00bb image=\u00bbhttps:\/\/www.hereford.org.ar\/web\/wp-content\/uploads\/2025\/05\/Diseno-sin-titulo-7.png\u00bb _builder_version=\u00bb4.27.4&#8243; _module_preset=\u00bbdefault\u00bb header_font=\u00bb|700|||||||\u00bb header_text_color=\u00bb#005529&#8243; text_orientation=\u00bbcenter\u00bb global_colors_info=\u00bb{}\u00bb]<\/p>\n<p style=\"text-align: center;\">M\u00e1s informaci\u00f3n.<br \/><a href=\"https:\/\/www.hereford.org.ar\/web\/wp-content\/uploads\/2025\/05\/Expo-Palermo-Condiciones-7%C2%B0-Remate-de-Vientres-Seleccionados-Puro-Registrado.pdf\"><strong>Descargar<\/strong><\/a><\/p>\n<p>[\/et_pb_blurb][\/et_pb_column][et_pb_column type=\u00bb1_4&#8243; _builder_version=\u00bb4.27.4&#8243; _module_preset=\u00bbdefault\u00bb global_colors_info=\u00bb{}\u00bb][\/et_pb_column][et_pb_column type=\u00bb1_4&#8243; _builder_version=\u00bb4.27.4&#8243; _module_preset=\u00bbdefault\u00bb global_colors_info=\u00bb{}\u00bb][\/et_pb_column][\/et_pb_row][\/et_pb_section][et_pb_section fb_built=\u00bb1&#8243; _builder_version=\u00bb4.27.4&#8243; _module_preset=\u00bbdefault\u00bb custom_padding=\u00bb0px|||||\u00bb global_colors_info=\u00bb{}\u00bb][et_pb_row _builder_version=\u00bb4.27.4&#8243; _module_preset=\u00bbdefault\u00bb global_colors_info=\u00bb{}\u00bb][et_pb_column type=\u00bb4_4&#8243; _builder_version=\u00bb4.27.4&#8243; _module_preset=\u00bbdefault\u00bb global_colors_info=\u00bb{}\u00bb][et_pb_text _builder_version=\u00bb4.27.5&#8243; _module_preset=\u00bbdefault\u00bb global_colors_info=\u00bb{}\u00bb]<\/p>\n<p style=\"text-align: center;\"><a href=\"https:\/\/www.hereford.org.ar\/web\/wp-content\/uploads\/2025\/07\/Veredicto-de-Jura-Expo.-Palermo-2025-Completa.pdf\" id=\"\">Veredicto 2025<\/a><\/p>\n<p style=\"text-align: center;\"><a href=\"https:\/\/www.hereford.org.ar\/web\/wp-content\/uploads\/Veredictos-completos-exposicion-Otono-2024.pdf\" id=\"\">Veredicto 2024\u200b<\/a><br \/><a href=\"https:\/\/www.hereford.org.ar\/web\/wp-content\/uploads\/Veredictos-completos-Otono-2023.pdf\" id=\"\"><br \/>Veredicto 2023\u200b<\/a><br \/><a href=\"https:\/\/www.hereford.org.ar\/web\/wp-content\/uploads\/Veredictos-completos-Otono-2022.pdf\" id=\"\"><br \/>Veredicto 2022<\/a><br \/><a href=\"https:\/\/www.hereford.org.ar\/web\/wp-content\/uploads\/Veredictos-completos-Otono-2021.pdf\" id=\"\"><br \/>Veredicto 2021\u200b<\/a><\/p>\n<p>[\/et_pb_text][\/et_pb_column][\/et_pb_row][\/et_pb_section]<\/p>\n","protected":false},"excerpt":{"rendered":"<p>Exposici\u00f3n Palermo Del 16 al&#8230;<\/p>\n","protected":false},"author":5,"featured_media":0,"parent":0,"menu_order":0,"comment_status":"closed","ping_status":"closed","template":"","meta":{"_et_pb_use_builder":"on","_et_pb_old_content":"","_et_gb_content_width":"","site-sidebar-layout":"default","site-content-layout":"","ast-site-content-layout":"full-width-container","site-content-style":"default","site-sidebar-style":"default","ast-global-header-display":"","ast-banner-title-visibility":"disabled","ast-main-header-display":"","ast-hfb-above-header-display":"","ast-hfb-below-header-display":"","ast-hfb-mobile-header-display":"","site-post-title":"","ast-breadcrumbs-content":"","ast-featured-img":"","footer-sml-layout":"","ast-disable-related-posts":"","theme-transparent-header-meta":"","adv-header-id-meta":"","stick-header-meta":"","header-above-stick-meta":"","header-main-stick-meta":"","header-below-stick-meta":"","astra-migrate-meta-layouts":"set","ast-page-background-enabled":"default","ast-page-background-meta":{"desktop":{"background-color":"var(--ast-global-color-4)","background-image":"","background-repeat":"repeat","background-position":"center center","background-size":"auto","background-attachment":"scroll","background-type":"","background-media":"","overlay-type":"","overlay-color":"","overlay-opacity":"","overlay-gradient":""},"tablet":{"background-color":"","background-image":"","background-repeat":"repeat","background-position":"center center","background-size":"auto","background-attachment":"scroll","background-type":"","background-media":"","overlay-type":"","overlay-color":"","overlay-opacity":"","overlay-gradient":""},"mobile":{"background-color":"","background-image":"","background-repeat":"repeat","background-position":"center center","background-size":"auto","background-attachment":"scroll","background-type":"","background-media":"","overlay-type":"","overlay-color":"","overlay-opacity":"","overlay-gradient":""}},"ast-content-background-meta":{"desktop":{"background-color":"var(--ast-global-color-5)","background-image":"","background-repeat":"repeat","background-position":"center center","background-size":"auto","background-attachment":"scroll","background-type":"","background-media":"","overlay-type":"","overlay-color":"","overlay-opacity":"","overlay-gradient":""},"tablet":{"background-color":"var(--ast-global-color-5)","background-image":"","background-repeat":"repeat","background-position":"center center","background-size":"auto","background-attachment":"scroll","background-type":"","background-media":"","overlay-type":"","overlay-color":"","overlay-opacity":"","overlay-gradient":""},"mobile":{"background-color":"var(--ast-global-color-5)","background-image":"","background-repeat":"repeat","background-position":"center center","background-size":"auto","background-attachment":"scroll","background-type":"","background-media":"","overlay-type":"","overlay-color":"","overlay-opacity":"","overlay-gradient":""}},"footnotes":""},"class_list":["post-6058","page","type-page","status-publish","hentry"],"_links":{"self":[{"href":"https:\/\/www.hereford.org.ar\/web\/wp-json\/wp\/v2\/pages\/6058","targetHints":{"allow":["GET"]}}],"collection":[{"href":"https:\/\/www.hereford.org.ar\/web\/wp-json\/wp\/v2\/pages"}],"about":[{"href":"https:\/\/www.hereford.org.ar\/web\/wp-json\/wp\/v2\/types\/page"}],"author":[{"embeddable":true,"href":"https:\/\/www.hereford.org.ar\/web\/wp-json\/wp\/v2\/users\/5"}],"replies":[{"embeddable":true,"href":"https:\/\/www.hereford.org.ar\/web\/wp-json\/wp\/v2\/comments?post=6058"}],"version-history":[{"count":9,"href":"https:\/\/www.hereford.org.ar\/web\/wp-json\/wp\/v2\/pages\/6058\/revisions"}],"predecessor-version":[{"id":6497,"href":"https:\/\/www.hereford.org.ar\/web\/wp-json\/wp\/v2\/pages\/6058\/revisions\/6497"}],"wp:attachment":[{"href":"https:\/\/www.hereford.org.ar\/web\/wp-json\/wp\/v2\/media?parent=6058"}],"curies":[{"name":"wp","href":"https:\/\/api.w.org\/{rel}","templated":true}]}}