{"id":4047,"date":"2025-06-25T11:05:13","date_gmt":"2025-06-25T14:05:13","guid":{"rendered":"https:\/\/www.hereford.org.ar\/web\/?page_id=4047"},"modified":"2026-03-13T10:28:32","modified_gmt":"2026-03-13T13:28:32","slug":"socios","status":"publish","type":"page","link":"https:\/\/www.hereford.org.ar\/web\/socios\/","title":{"rendered":"Socios"},"content":{"rendered":"<p>[et_pb_section fb_built=\u00bb1&#8243; _builder_version=\u00bb4.27.4&#8243; _module_preset=\u00bbdefault\u00bb background_color=\u00bb#005529&#8243; custom_padding=\u00bb12px||6px|||\u00bb global_colors_info=\u00bb{}\u00bb][et_pb_row _builder_version=\u00bb4.27.4&#8243; _module_preset=\u00bbdefault\u00bb global_colors_info=\u00bb{}\u00bb][et_pb_column type=\u00bb4_4&#8243; _builder_version=\u00bb4.27.4&#8243; _module_preset=\u00bbdefault\u00bb global_colors_info=\u00bb{}\u00bb][et_pb_text _builder_version=\u00bb4.27.4&#8243; _module_preset=\u00bb9629b6b6-3503-4486-933e-11b0afb08196&#8243; header_text_color=\u00bb#FFFFFF\u00bb header_font_size=\u00bb52px\u00bb global_colors_info=\u00bb{}\u00bb]<\/p>\n<h1 style=\"text-align: center;\">Socios<\/h1>\n<p>[\/et_pb_text][\/et_pb_column][\/et_pb_row][\/et_pb_section][et_pb_section fb_built=\u00bb1&#8243; admin_label=\u00bbAbout\u00bb _builder_version=\u00bb4.27.4&#8243; _module_preset=\u00bbdefault\u00bb custom_padding=\u00bb7px|||||\u00bb collapsed=\u00bbon\u00bb global_colors_info=\u00bb{}\u00bb][et_pb_row _builder_version=\u00bb4.27.4&#8243; _module_preset=\u00bbdefault\u00bb width=\u00bb100%\u00bb max_width=\u00bb1280px\u00bb global_colors_info=\u00bb{}\u00bb][et_pb_column type=\u00bb4_4&#8243; _builder_version=\u00bb4.19.1&#8243; _module_preset=\u00bbdefault\u00bb global_colors_info=\u00bb{}\u00bb][et_pb_image src=\u00bbhttps:\/\/www.hereford.org.ar\/web\/wp-content\/uploads\/2025\/04\/LOGO-PRINCIPAL.png\u00bb title_text=\u00bbLOGO PRINCIPAL\u00bb _builder_version=\u00bb4.27.5&#8243; _module_preset=\u00bbdefault\u00bb width=\u00bb19%\u00bb max_width=\u00bb40%\u00bb module_alignment=\u00bbcenter\u00bb border_radii=\u00bbon|30px|30px|30px|30px\u00bb global_colors_info=\u00bb{}\u00bb][\/et_pb_image][et_pb_text _builder_version=\u00bb4.27.4&#8243; _module_preset=\u00bbdefault\u00bb custom_padding=\u00bb|3px||11px||\u00bb global_colors_info=\u00bb{}\u00bb]<\/p>\n<p>Formar parte de la Asociaci\u00f3n Argentina Criadores de Hereford significa <strong>integrarse a una red de productores, t\u00e9cnicos y criadores<\/strong> comprometidos con la excelencia gen\u00e9tica, el desarrollo ganadero y la promoci\u00f3n de la raza en todo el pa\u00eds.<\/p>\n<p>Desde la Asociaci\u00f3n trabajamos para <strong>ofrecer herramientas concretas, acompa\u00f1amiento t\u00e9cnico, visibilidad institucional y beneficio<\/strong>s para quienes eligen sumar su compromiso a nuestra historia. Existen distintas formas de asociarse, adaptadas a cada etapa del camino ganadero.<\/p>\n<p>[\/et_pb_text][\/et_pb_column][\/et_pb_row][et_pb_row column_structure=\u00bb1_3,1_3,1_3&#8243; _builder_version=\u00bb4.27.4&#8243; _module_preset=\u00bbdefault\u00bb global_colors_info=\u00bb{}\u00bb][et_pb_column type=\u00bb1_3&#8243; _builder_version=\u00bb4.27.4&#8243; _module_preset=\u00bbdefault\u00bb global_colors_info=\u00bb{}\u00bb][et_pb_text _builder_version=\u00bb4.27.4&#8243; _module_preset=\u00bbdefault\u00bb global_colors_info=\u00bb{}\u00bb]<\/p>\n<p style=\"text-align: center;\"><strong>Solicitud de ingreso nuevo socio<\/strong><\/p>\n<p>[\/et_pb_text][et_pb_button button_url=\u00bbhttps:\/\/drive.google.com\/file\/d\/1890pCUKEX6E-4XE9iYXU3lVsNnSJw8NJ\/view?usp=drive_link\u00bb button_text=\u00bbDescargar\u00bb button_alignment=\u00bbcenter\u00bb _builder_version=\u00bb4.27.4&#8243; _module_preset=\u00bbdefault\u00bb custom_button=\u00bbon\u00bb button_text_size=\u00bb18px\u00bb button_text_color=\u00bb#FFFFFF\u00bb button_bg_color=\u00bb#7c402e\u00bb button_border_color=\u00bb#7c402e\u00bb button_border_radius=\u00bb3px\u00bb button_icon=\u00bb&#x4c;||divi||400&#8243; button_icon_color=\u00bb#FFFFFF\u00bb global_colors_info=\u00bb{}\u00bb][\/et_pb_button][\/et_pb_column][et_pb_column type=\u00bb1_3&#8243; _builder_version=\u00bb4.27.4&#8243; _module_preset=\u00bbdefault\u00bb global_colors_info=\u00bb{}\u00bb][et_pb_text _builder_version=\u00bb4.27.4&#8243; _module_preset=\u00bbdefault\u00bb global_colors_info=\u00bb{}\u00bb]<\/p>\n<p style=\"text-align: center;\"><strong>Estatuto Social AACH<\/strong><\/p>\n<p>[\/et_pb_text][et_pb_button button_url=\u00bbhttps:\/\/drive.google.com\/file\/d\/1oSheA-SHxMoy_mOj21Gy7CS2-DX61CCi\/view?usp=drive_link\u00bb button_text=\u00bbDescargar\u00bb button_alignment=\u00bbcenter\u00bb _builder_version=\u00bb4.27.4&#8243; _module_preset=\u00bbdefault\u00bb custom_button=\u00bbon\u00bb button_text_size=\u00bb18px\u00bb button_text_color=\u00bb#FFFFFF\u00bb button_bg_color=\u00bb#7c402e\u00bb button_border_color=\u00bb#7c402e\u00bb button_border_radius=\u00bb3px\u00bb button_icon=\u00bb&#x4c;||divi||400&#8243; button_icon_color=\u00bb#FFFFFF\u00bb global_colors_info=\u00bb{}\u00bb][\/et_pb_button][\/et_pb_column][et_pb_column type=\u00bb1_3&#8243; _builder_version=\u00bb4.27.4&#8243; _module_preset=\u00bbdefault\u00bb global_colors_info=\u00bb{}\u00bb][et_pb_text _builder_version=\u00bb4.27.4&#8243; _module_preset=\u00bbdefault\u00bb global_colors_info=\u00bb{}\u00bb]<\/p>\n<p style=\"text-align: center;\"><strong>Reglamento General para Elecci\u00f3n de Autoridades<\/strong><\/p>\n<p>[\/et_pb_text][et_pb_button button_url=\u00bbhttps:\/\/drive.google.com\/file\/d\/1CNuTTRse0ha_HQYlKFgRresS6GIqISk0\/view?usp=drive_link\u00bb button_text=\u00bbDescargar\u00bb button_alignment=\u00bbcenter\u00bb _builder_version=\u00bb4.27.4&#8243; _module_preset=\u00bbdefault\u00bb custom_button=\u00bbon\u00bb button_text_size=\u00bb18px\u00bb button_text_color=\u00bb#FFFFFF\u00bb button_bg_color=\u00bb#7c402e\u00bb button_border_color=\u00bb#7c402e\u00bb button_border_radius=\u00bb3px\u00bb button_icon=\u00bb&#x4c;||divi||400&#8243; button_icon_color=\u00bb#FFFFFF\u00bb global_colors_info=\u00bb{}\u00bb][\/et_pb_button][\/et_pb_column][\/et_pb_row][et_pb_row _builder_version=\u00bb4.27.4&#8243; _module_preset=\u00bbdefault\u00bb global_colors_info=\u00bb{}\u00bb][et_pb_column type=\u00bb4_4&#8243; _builder_version=\u00bb4.27.4&#8243; _module_preset=\u00bbdefault\u00bb global_colors_info=\u00bb{}\u00bb][et_pb_accordion _builder_version=\u00bb4.27.5&#8243; _module_preset=\u00bbdefault\u00bb hover_enabled=\u00bb0&#8243; global_colors_info=\u00bb{}\u00bb sticky_enabled=\u00bb0&#8243;][et_pb_accordion_item title=\u00bbAsamblea 2026&#8243; open=\u00bbon\u00bb _builder_version=\u00bb4.27.5&#8243; _module_preset=\u00bbdefault\u00bb hover_enabled=\u00bb0&#8243; global_colors_info=\u00bb{}\u00bb toggle_font=\u00bb|700|||||||\u00bb sticky_enabled=\u00bb0&#8243;]<\/p>\n<p style=\"text-align: center;\"><span style=\"color: #003300;\"><strong>Reuni\u00f3n de socios PreAsamblea 2026<\/strong><\/span><\/p>\n<p>Nos dirigimos en esta oportunidad a fin de cumplimentar lo establecido en el Estatuto Social, respecto de notificaciones y comunicaciones que el mismo establece para la convocatoria a asambleas.\u00a0<\/p>\n<p>Am\u00e9n de ello, es nuestra intenci\u00f3n invitarlo a una reuni\u00f3n previa, prevista para el <strong>lunes 30 de marzo a las 16 horas v\u00eda zoom<\/strong>, a fin de conversar sobre el proyecto de reforma del Estatuto Social, que incluye el cambio de la fecha de cierre de ejercicio y la aprobaci\u00f3n de una Cl\u00e1usula Transitoria para la adecuaci\u00f3n de los mandatos vigentes, pero fundamentalmente ser\u00e1 una nueva oportunidad de encontrarnos y que cada uno pueda ejercer activamente el rol que le corresponde como asociado, con esp\u00edritu constructivo y escucha activa.<\/p>\n<p>Confirmar asistencia a trav\u00e9s de e-mail a <a href=\"mailto:info@hereford.org.ar\">info@hereford.org.ar<\/a><\/p>\n<ul>\n<li><a href=\"https:\/\/www.hereford.org.ar\/web\/wp-content\/uploads\/2026\/03\/Reunion-PreAsamblea-y-Convocatoria-Asamblea-General-Ordinaria-y-Extraordinaria-2026-Hereford-Argentina-2.pdf%20\"><strong>Descargar y leer la convocatoria a Asamblea 2026<\/strong><\/a><\/li>\n<\/ul>\n<p>[\/et_pb_accordion_item][\/et_pb_accordion][\/et_pb_column][\/et_pb_row][et_pb_row _builder_version=\u00bb4.27.4&#8243; _module_preset=\u00bbdefault\u00bb global_colors_info=\u00bb{}\u00bb][et_pb_column type=\u00bb4_4&#8243; _builder_version=\u00bb4.27.4&#8243; _module_preset=\u00bbdefault\u00bb global_colors_info=\u00bb{}\u00bb][et_pb_text _builder_version=\u00bb4.27.4&#8243; _module_preset=\u00bbdefault\u00bb global_colors_info=\u00bb{}\u00bb]<\/p>\n<h3 style=\"text-align: center;\"><strong>Beneficios para socios<\/strong><\/h3>\n<p>[\/et_pb_text][\/et_pb_column][\/et_pb_row][et_pb_row column_structure=\u00bb1_2,1_2&#8243; _builder_version=\u00bb4.27.4&#8243; _module_preset=\u00bbdefault\u00bb custom_padding=\u00bb|||11px||\u00bb global_colors_info=\u00bb{}\u00bb][et_pb_column type=\u00bb1_2&#8243; _builder_version=\u00bb4.27.4&#8243; _module_preset=\u00bbdefault\u00bb global_colors_info=\u00bb{}\u00bb][et_pb_image src=\u00bbhttps:\/\/www.hereford.org.ar\/web\/wp-content\/uploads\/2026\/02\/Socios-web-descuento.png\u00bb title_text=\u00bbSocios web descuento\u00bb align=\u00bbcenter\u00bb _builder_version=\u00bb4.27.5&#8243; _module_preset=\u00bbdefault\u00bb width=\u00bb45%\u00bb max_width=\u00bb45%\u00bb module_alignment=\u00bbcenter\u00bb border_radii=\u00bbon|30px|30px|30px|30px\u00bb global_colors_info=\u00bb{}\u00bb][\/et_pb_image][\/et_pb_column][et_pb_column type=\u00bb1_2&#8243; _builder_version=\u00bb4.27.4&#8243; _module_preset=\u00bbdefault\u00bb global_colors_info=\u00bb{}\u00bb][et_pb_text _builder_version=\u00bb4.27.5&#8243; _module_preset=\u00bbdefault\u00bb custom_padding=\u00bb|7px||||\u00bb global_colors_info=\u00bb{}\u00bb]<\/p>\n<p style=\"text-align: center;\"><strong>LOCALIZA <\/strong>es la empresa l\u00edder en alquiler de veh\u00edculos en Argentina y Latinoam\u00e9rica.<\/p>\n<p style=\"text-align: center;\"><strong>Socios Hereford: <span style=\"color: #008000;\">25% de descuento.<\/span><\/strong><br \/>Referidos: 12% de descuento (indicando \u201creferido de Hereford\u201d al momento de reservar).<\/p>\n<p style=\"text-align: center;\"><span style=\"text-decoration: underline;\">Contacto<\/span>: reservas@localiza.com.ar<\/p>\n<p>[\/et_pb_text][\/et_pb_column][\/et_pb_row][et_pb_row column_structure=\u00bb1_2,1_2&#8243; make_equal=\u00bbon\u00bb _builder_version=\u00bb4.27.5&#8243; _module_preset=\u00bbdefault\u00bb module_alignment=\u00bbcenter\u00bb custom_css_free_form=\u00bbdisplay: flex; flex-direction: column; justify-content: center;\u00bb global_colors_info=\u00bb{}\u00bb][et_pb_column type=\u00bb1_2&#8243; _builder_version=\u00bb4.27.4&#8243; _module_preset=\u00bbdefault\u00bb global_colors_info=\u00bb{}\u00bb][et_pb_image src=\u00bbhttps:\/\/www.hereford.org.ar\/web\/wp-content\/uploads\/2026\/02\/Untitled-design-4.png\u00bb title_text=\u00bbUntitled design (4)\u00bb align=\u00bbcenter\u00bb _builder_version=\u00bb4.27.5&#8243; _module_preset=\u00bbdefault\u00bb width=\u00bb45%\u00bb max_width=\u00bb45%\u00bb module_alignment=\u00bbcenter\u00bb border_radii=\u00bbon|30px|30px|30px|30px\u00bb global_colors_info=\u00bb{}\u00bb][\/et_pb_image][\/et_pb_column][et_pb_column type=\u00bb1_2&#8243; _builder_version=\u00bb4.27.4&#8243; _module_preset=\u00bbdefault\u00bb global_colors_info=\u00bb{}\u00bb][et_pb_text _builder_version=\u00bb4.27.5&#8243; _module_preset=\u00bbdefault\u00bb custom_margin=\u00bb1px|||||\u00bb custom_padding=\u00bb|||9px||\u00bb global_colors_info=\u00bb{}\u00bb]<\/p>\n<p class=\"\" data-pm-slice=\"1 1 []\" style=\"text-align: center;\"><strong>RUS Agro<\/strong> brinda una amplia variedad de productos para el proceso productivo del campo y para el capital humano.<\/p>\n<p style=\"text-align: center;\"><span style=\"text-decoration: underline;\">Contacto para acceder al <strong>descuento<\/strong><\/span>: + 54 9 3442 51-5712<\/p>\n<p>[\/et_pb_text][\/et_pb_column][\/et_pb_row][et_pb_row column_structure=\u00bb1_2,1_2&#8243; make_equal=\u00bbon\u00bb _builder_version=\u00bb4.27.5&#8243; _module_preset=\u00bbdefault\u00bb module_alignment=\u00bbcenter\u00bb custom_css_free_form=\u00bbdisplay: flex; flex-direction: column; justify-content: center;\u00bb global_colors_info=\u00bb{}\u00bb][et_pb_column type=\u00bb1_2&#8243; _builder_version=\u00bb4.27.4&#8243; _module_preset=\u00bbdefault\u00bb global_colors_info=\u00bb{}\u00bb][et_pb_image src=\u00bbhttps:\/\/www.hereford.org.ar\/web\/wp-content\/uploads\/2026\/02\/Socios-web-descuento-1.png\u00bb title_text=\u00bbSocios web descuento (1)\u00bb align=\u00bbcenter\u00bb _builder_version=\u00bb4.27.5&#8243; _module_preset=\u00bbdefault\u00bb width=\u00bb45%\u00bb max_width=\u00bb45%\u00bb module_alignment=\u00bbcenter\u00bb border_radii=\u00bbon|30px|30px|30px|30px\u00bb global_colors_info=\u00bb{}\u00bb][\/et_pb_image][\/et_pb_column][et_pb_column type=\u00bb1_2&#8243; _builder_version=\u00bb4.27.4&#8243; _module_preset=\u00bbdefault\u00bb global_colors_info=\u00bb{}\u00bb][et_pb_text _builder_version=\u00bb4.27.5&#8243; _module_preset=\u00bbdefault\u00bb custom_margin=\u00bb1px|||||\u00bb custom_padding=\u00bb||1px|9px||\u00bb global_colors_info=\u00bb{}\u00bb]<\/p>\n<p class=\"\" data-pm-slice=\"1 1 []\" style=\"text-align: center;\"><strong>Laboratorio Azul.<\/strong> <strong>25% de descuento en pr\u00e1cticas y an\u00e1lisis veterinarios<\/strong>: Brucelosis, Tricomonosis y Campylobacteriosis, Leptospirosis, IBR, BVD, Leucosis, PI3, Neospora, Paratuberculosis, entre otras.<\/p>\n<p class=\"\" style=\"text-align: center;\"><span style=\"text-decoration: underline;\">Contacto<\/span>: +54 9 2281 57-5791 (Andr\u00e9s L\u00f3pez)<\/p>\n<p>[\/et_pb_text][\/et_pb_column][\/et_pb_row][et_pb_row column_structure=\u00bb1_2,1_2&#8243; _builder_version=\u00bb4.27.4&#8243; _module_preset=\u00bbdefault\u00bb global_colors_info=\u00bb{}\u00bb][et_pb_column type=\u00bb1_2&#8243; _builder_version=\u00bb4.27.4&#8243; _module_preset=\u00bbdefault\u00bb global_colors_info=\u00bb{}\u00bb][et_pb_image src=\u00bbhttps:\/\/www.hereford.org.ar\/web\/wp-content\/uploads\/2026\/02\/Untitled-design-2-1.png\u00bb title_text=\u00bbUntitled design (2)\u00bb align=\u00bbcenter\u00bb _builder_version=\u00bb4.27.5&#8243; _module_preset=\u00bbdefault\u00bb width=\u00bb45%\u00bb max_width=\u00bb45%\u00bb border_radii=\u00bbon|30px|30px|30px|30px\u00bb global_colors_info=\u00bb{}\u00bb][\/et_pb_image][\/et_pb_column][et_pb_column type=\u00bb1_2&#8243; _builder_version=\u00bb4.27.4&#8243; _module_preset=\u00bbdefault\u00bb global_colors_info=\u00bb{}\u00bb][et_pb_text _builder_version=\u00bb4.27.5&#8243; _module_preset=\u00bbdefault\u00bb custom_margin=\u00bb1px|||||\u00bb custom_padding=\u00bb|||9px||\u00bb global_colors_info=\u00bb{}\u00bb]<\/p>\n<p style=\"text-align: center;\"><strong>Vinos &amp; Spirits. <\/strong>Descuentos exclusivos a trav\u00e9s de la plataforma.<\/p>\n<p style=\"text-align: center;\">Para acceder a los <strong>descuentos<\/strong>, deber\u00e1n registrarse ingresando al siguiente enlace: <a href=\"https:\/\/vi.grupo-penaflor.com.ar\/registro_directo\/\/referido\">https:\/\/vi.grupo-penaflor.com.ar\/registro_directo\/\/referido<\/a> y visualizar autom\u00e1ticamente los descuentos habilitados.<\/p>\n<p>[\/et_pb_text][\/et_pb_column][\/et_pb_row][et_pb_row column_structure=\u00bb1_2,1_2&#8243; _builder_version=\u00bb4.27.4&#8243; _module_preset=\u00bbdefault\u00bb global_colors_info=\u00bb{}\u00bb][et_pb_column type=\u00bb1_2&#8243; _builder_version=\u00bb4.27.4&#8243; _module_preset=\u00bbdefault\u00bb global_colors_info=\u00bb{}\u00bb][et_pb_image src=\u00bbhttps:\/\/www.hereford.org.ar\/web\/wp-content\/uploads\/2026\/02\/Untitled-design-3.png\u00bb title_text=\u00bbUntitled design (3)\u00bb align=\u00bbcenter\u00bb _builder_version=\u00bb4.27.5&#8243; _module_preset=\u00bbdefault\u00bb width=\u00bb45%\u00bb max_width=\u00bb45%\u00bb border_radii=\u00bbon|30px|30px|30px|30px\u00bb global_colors_info=\u00bb{}\u00bb][\/et_pb_image][\/et_pb_column][et_pb_column type=\u00bb1_2&#8243; _builder_version=\u00bb4.27.4&#8243; _module_preset=\u00bbdefault\u00bb global_colors_info=\u00bb{}\u00bb][et_pb_text _builder_version=\u00bb4.27.5&#8243; _module_preset=\u00bbdefault\u00bb custom_margin=\u00bb1px|||||\u00bb custom_padding=\u00bb|||9px||\u00bb global_colors_info=\u00bb{}\u00bb]<\/p>\n<p style=\"text-align: center;\">Una propuesta pensada para acompa\u00f1ar sus <strong>regalos institucionales y empresariales<\/strong>. La tienda ofrece una amplia variedad de <strong>productos con la marca Hereford,<\/strong> ideales para caba\u00f1as, empresas, equipos de trabajo, clientes y aliados estrat\u00e9gicos, con la posibilidad de personalizaci\u00f3n seg\u00fan sus necesidades.<\/p>\n<p style=\"text-align: center;\"><a href=\"https:\/\/www.hereford.org.ar\/web\/wp-content\/uploads\/2025\/11\/Catalogo-Ravier-Hereford-Argentina.pdf\">Clic aqu\u00ed para ver productos<\/a><\/p>\n<p>[\/et_pb_text][\/et_pb_column][\/et_pb_row][et_pb_row _builder_version=\u00bb4.27.5&#8243; _module_preset=\u00bbdefault\u00bb global_colors_info=\u00bb{}\u00bb][et_pb_column type=\u00bb4_4&#8243; _builder_version=\u00bb4.27.5&#8243; _module_preset=\u00bbdefault\u00bb global_colors_info=\u00bb{}\u00bb][et_pb_accordion _builder_version=\u00bb4.27.4&#8243; _module_preset=\u00bbdefault\u00bb global_colors_info=\u00bb{}\u00bb][et_pb_accordion_item title=\u00bbSocio Activo\u00bb open=\u00bbon\u00bb _builder_version=\u00bb4.27.4&#8243; _module_preset=\u00bbdefault\u00bb global_colors_info=\u00bb{}\u00bb toggle_font=\u00bb|700|||||||\u00bb]<\/p>\n<p><span style=\"color: #008000;\"><strong>Es la categor\u00eda pensada para quienes desean participar plenamente de la vida institucional de Hereford Argentina.<\/strong><\/span><\/p>\n<p><strong>Requisitos<\/strong>:<\/p>\n<ul>\n<li>Presentar una solicitud dirigida a la Comisi\u00f3n Directiva.<\/li>\n<li>Ser aceptado por la Comisi\u00f3n Directiva y<\/li>\n<li>Abonar las cuotas correspondientes a un semestre adelantado. Todo candidato rechazado por la Comisi\u00f3n Directiva no podr\u00e1 presentarse nuevamente hasta despu\u00e9s de transcurrido un a\u00f1o.<\/li>\n<\/ul>\n<p><strong>Bonificaciones por edad:<\/strong><\/p>\n<ul>\n<li>21 a 29 a\u00f1os: 75% de descuento.<br \/>30 a 35 a\u00f1os: 50% de descuento.<br \/>Cadetes hasta 21 a\u00f1os: 75% de descuento total.<\/li>\n<\/ul>\n<p><strong data-start=\"1627\" data-end=\"1660\">Adherido a d\u00e9bito autom\u00e1tico:<\/strong> 10% de descuento.<\/p>\n<p>[\/et_pb_accordion_item][et_pb_accordion_item title=\u00bbSocio Adherente\u00bb _builder_version=\u00bb4.27.4&#8243; _module_preset=\u00bbdefault\u00bb global_colors_info=\u00bb{}\u00bb toggle_font=\u00bb|700|||||||\u00bb open=\u00bboff\u00bb]<\/p>\n<p><span style=\"color: #008000;\"><strong>Pensado para criadores, simpatizantes de la raza o interesados en acompa\u00f1ar institucionalmente.<\/strong><\/span><\/p>\n<p>No incluye participaci\u00f3n en asambleas ni cargos directivos.<\/p>\n<p>[\/et_pb_accordion_item][et_pb_accordion_item title=\u00bbPlan VIP \u2013 Puro Registrado\u00bb _builder_version=\u00bb4.27.4&#8243; _module_preset=\u00bbdefault\u00bb global_colors_info=\u00bb{}\u00bb toggle_font=\u00bb|700|||||||\u00bb open=\u00bboff\u00bb]<\/p>\n<p><span style=\"color: #008000;\"><strong>Programa exclusivo para nuevos planteles Puro Registrado, con promoci\u00f3n especial para el inicio de la actividad:<\/strong><\/span><\/p>\n<p><strong>Plan VIP 100:<\/strong><\/p>\n<ul>\n<li>Permite marcar 100 vientres por a\u00f1o durante 3 a\u00f1os.<\/li>\n<li>Primer a\u00f1o sin costo para el asociado.<\/li>\n<li>Segundo y tercer a\u00f1o: solo se abonan vi\u00e1ticos del inspector.<\/li>\n<\/ul>\n<p>Requisito: Abonar la cuota social anual<\/p>\n<p>[\/et_pb_accordion_item][\/et_pb_accordion][\/et_pb_column][\/et_pb_row][et_pb_row _builder_version=\u00bb4.27.4&#8243; _module_preset=\u00bbdefault\u00bb background_color=\u00bb#7c402e\u00bb global_colors_info=\u00bb{}\u00bb][et_pb_column type=\u00bb4_4&#8243; _builder_version=\u00bb4.27.4&#8243; _module_preset=\u00bbdefault\u00bb global_colors_info=\u00bb{}\u00bb][et_pb_text _builder_version=\u00bb4.27.4&#8243; _module_preset=\u00bbdefault\u00bb text_font_size=\u00bb19px\u00bb header_font_size=\u00bb34px\u00bb global_colors_info=\u00bb{}\u00bb]<\/p>\n<p style=\"text-align: center;\"><span style=\"color: #ffffff;\"><strong>\u00bfQuer\u00e9s asociarte?<\/strong><\/span><\/p>\n<p style=\"text-align: center;\"><span style=\"color: #ffffff;\">Contactanos a:<\/span><br \/><span style=\"color: #ffffff;\">\ud83d\udce7 administracion@hereford.org.ar<\/span><br \/><span style=\"color: #ffffff;\">\ud83d\udcde +54 9 11 6203-6893<\/span><\/p>\n<p>[\/et_pb_text][\/et_pb_column][\/et_pb_row][\/et_pb_section][et_pb_section fb_built=\u00bb1&#8243; _builder_version=\u00bb4.27.4&#8243; _module_preset=\u00bbdefault\u00bb background_color=\u00bb#005529&#8243; custom_padding=\u00bb12px||6px|||\u00bb global_colors_info=\u00bb{}\u00bb][et_pb_row column_structure=\u00bb1_4,1_2,1_4&#8243; _builder_version=\u00bb4.27.4&#8243; _module_preset=\u00bbdefault\u00bb global_colors_info=\u00bb{}\u00bb][et_pb_column type=\u00bb1_4&#8243; _builder_version=\u00bb4.27.4&#8243; _module_preset=\u00bbdefault\u00bb global_colors_info=\u00bb{}\u00bb][et_pb_text _builder_version=\u00bb4.27.4&#8243; _module_preset=\u00bbdefault\u00bb custom_padding=\u00bb45px|||||\u00bb global_colors_info=\u00bb{}\u00bb]<\/p>\n<h6 style=\"text-align: center;\"><span style=\"color: #ffffff;\"><strong>\u00a0Manuel Obarrio 2948<\/strong><br \/>Ciudad Aut\u00f3noma de Buenos Aires, Argentina<\/span><\/h6>\n<p><span><\/span><\/p>\n<p>[\/et_pb_text][\/et_pb_column][et_pb_column type=\u00bb1_2&#8243; _builder_version=\u00bb4.27.4&#8243; _module_preset=\u00bbdefault\u00bb global_colors_info=\u00bb{}\u00bb][et_pb_image src=\u00bbhttps:\/\/www.hereford.org.ar\/web\/wp-content\/uploads\/2025\/05\/Logo-Hereford-BLANCO-03-scaled.png\u00bb title_text=\u00bbLogo Hereford BLANCO-03&#8243; align=\u00bbcenter\u00bb _builder_version=\u00bb4.27.4&#8243; _module_preset=\u00bbdefault\u00bb width=\u00bb40%\u00bb max_width=\u00bb40%\u00bb global_colors_info=\u00bb{}\u00bb][\/et_pb_image][\/et_pb_column][et_pb_column type=\u00bb1_4&#8243; _builder_version=\u00bb4.27.4&#8243; _module_preset=\u00bbdefault\u00bb global_colors_info=\u00bb{}\u00bb][et_pb_text _builder_version=\u00bb4.27.4&#8243; _module_preset=\u00bbdefault\u00bb custom_padding=\u00bb42px|||||\u00bb global_colors_info=\u00bb{}\u00bb]<\/p>\n<h6 style=\"text-align: center;\"><span style=\"color: #ffffff;\"><strong>\u00a0Contacto:<\/strong><br \/>info@hereford.org.ar<br \/>011 4802-1019<\/span><\/h6>\n<p><span><\/span><\/p>\n<p>[\/et_pb_text][\/et_pb_column][\/et_pb_row][\/et_pb_section]<\/p>\n","protected":false},"excerpt":{"rendered":"<p>Socios Formar parte de la&#8230;<\/p>\n","protected":false},"author":5,"featured_media":0,"parent":0,"menu_order":0,"comment_status":"closed","ping_status":"closed","template":"","meta":{"_et_pb_use_builder":"on","_et_pb_old_content":"","_et_gb_content_width":"","site-sidebar-layout":"default","site-content-layout":"","ast-site-content-layout":"full-width-container","site-content-style":"default","site-sidebar-style":"default","ast-global-header-display":"","ast-banner-title-visibility":"disabled","ast-main-header-display":"","ast-hfb-above-header-display":"","ast-hfb-below-header-display":"","ast-hfb-mobile-header-display":"","site-post-title":"","ast-breadcrumbs-content":"","ast-featured-img":"","footer-sml-layout":"","ast-disable-related-posts":"","theme-transparent-header-meta":"","adv-header-id-meta":"","stick-header-meta":"","header-above-stick-meta":"","header-main-stick-meta":"","header-below-stick-meta":"","astra-migrate-meta-layouts":"set","ast-page-background-enabled":"default","ast-page-background-meta":{"desktop":{"background-color":"var(--ast-global-color-4)","background-image":"","background-repeat":"repeat","background-position":"center center","background-size":"auto","background-attachment":"scroll","background-type":"","background-media":"","overlay-type":"","overlay-color":"","overlay-opacity":"","overlay-gradient":""},"tablet":{"background-color":"","background-image":"","background-repeat":"repeat","background-position":"center center","background-size":"auto","background-attachment":"scroll","background-type":"","background-media":"","overlay-type":"","overlay-color":"","overlay-opacity":"","overlay-gradient":""},"mobile":{"background-color":"","background-image":"","background-repeat":"repeat","background-position":"center center","background-size":"auto","background-attachment":"scroll","background-type":"","background-media":"","overlay-type":"","overlay-color":"","overlay-opacity":"","overlay-gradient":""}},"ast-content-background-meta":{"desktop":{"background-color":"var(--ast-global-color-5)","background-image":"","background-repeat":"repeat","background-position":"center center","background-size":"auto","background-attachment":"scroll","background-type":"","background-media":"","overlay-type":"","overlay-color":"","overlay-opacity":"","overlay-gradient":""},"tablet":{"background-color":"var(--ast-global-color-5)","background-image":"","background-repeat":"repeat","background-position":"center center","background-size":"auto","background-attachment":"scroll","background-type":"","background-media":"","overlay-type":"","overlay-color":"","overlay-opacity":"","overlay-gradient":""},"mobile":{"background-color":"var(--ast-global-color-5)","background-image":"","background-repeat":"repeat","background-position":"center center","background-size":"auto","background-attachment":"scroll","background-type":"","background-media":"","overlay-type":"","overlay-color":"","overlay-opacity":"","overlay-gradient":""}},"footnotes":""},"class_list":["post-4047","page","type-page","status-publish","hentry"],"_links":{"self":[{"href":"https:\/\/www.hereford.org.ar\/web\/wp-json\/wp\/v2\/pages\/4047","targetHints":{"allow":["GET"]}}],"collection":[{"href":"https:\/\/www.hereford.org.ar\/web\/wp-json\/wp\/v2\/pages"}],"about":[{"href":"https:\/\/www.hereford.org.ar\/web\/wp-json\/wp\/v2\/types\/page"}],"author":[{"embeddable":true,"href":"https:\/\/www.hereford.org.ar\/web\/wp-json\/wp\/v2\/users\/5"}],"replies":[{"embeddable":true,"href":"https:\/\/www.hereford.org.ar\/web\/wp-json\/wp\/v2\/comments?post=4047"}],"version-history":[{"count":25,"href":"https:\/\/www.hereford.org.ar\/web\/wp-json\/wp\/v2\/pages\/4047\/revisions"}],"predecessor-version":[{"id":6324,"href":"https:\/\/www.hereford.org.ar\/web\/wp-json\/wp\/v2\/pages\/4047\/revisions\/6324"}],"wp:attachment":[{"href":"https:\/\/www.hereford.org.ar\/web\/wp-json\/wp\/v2\/media?parent=4047"}],"curies":[{"name":"wp","href":"https:\/\/api.w.org\/{rel}","templated":true}]}}